{"id":3672,"date":"2022-09-02T08:55:12","date_gmt":"2022-09-02T08:55:12","guid":{"rendered":"http:\/\/erdosedina.hu\/?post_type=product&#038;p=3672"},"modified":"2025-11-27T09:54:27","modified_gmt":"2025-11-27T09:54:27","slug":"access-bars-kezeles-60-perc-2","status":"publish","type":"product","link":"https:\/\/erdosedina.hu\/fr\/access-bars-kezeles-60-perc-2\/","title":{"rendered":"Access Bars kezel\u00e9s 60 perc"},"content":{"rendered":"","protected":false},"excerpt":{"rendered":"<p>60 perces kezel\u00e9s, mely teljesen ellaz\u00edt, \u00e9s k\u00f6zben \u00faj t\u00e1vlatokat nyit meg el\u0151tted. Megtan\u00edt a v\u00e1laszt\u00e1s szabads\u00e1g\u00e1val \u00e9lni, \u00e9s \u00e9berebb\u00e9 v\u00e1lsz az \u00faj lehet\u0151s\u00e9gekre, melyek egyre jobban fel fognak t\u0171nni, ha az \u00e9bers\u00e9get v\u00e1lasztod. Azoknak aj\u00e1nlom, akik k\u00e9ptelenek le\u00e1llni, kikapcsolni \u00e9s t\u00f6lt\u0151dni, mert ebben az kezel\u00e9sben ezt a 3 dolgot biztosan megkapj\u00e1k, \u00e9s ezen fel\u00fcl m\u00e9g sok minden m\u00e1st, melyet a kezel\u00e9sek sor\u00e1n \u00e9s azok ut\u00e1n is sok\u00e1ig \u00e9rz\u00e9keltek majd.<\/p>","protected":false},"featured_media":1304,"template":"","meta":{"site-sidebar-layout":"default","site-content-layout":"default","ast-site-content-layout":"default","site-content-style":"default","site-sidebar-style":"default","ast-global-header-display":"","ast-banner-title-visibility":"","ast-main-header-display":"","ast-hfb-above-header-display":"","ast-hfb-below-header-display":"","ast-hfb-mobile-header-display":"","site-post-title":"","ast-breadcrumbs-content":"","ast-featured-img":"","footer-sml-layout":"","theme-transparent-header-meta":"default","adv-header-id-meta":"","stick-header-meta":"","header-above-stick-meta":"","header-main-stick-meta":"","header-below-stick-meta":"","astra-migrate-meta-layouts":"set","ast-page-background-enabled":"default","ast-page-background-meta":{"desktop":{"background-color":"var(--ast-global-color-4)","background-image":"","background-repeat":"repeat","background-position":"center center","background-size":"auto","background-attachment":"scroll","background-type":"","background-media":"","overlay-type":"","overlay-color":"","overlay-opacity":"","overlay-gradient":""},"tablet":{"background-color":"","background-image":"","background-repeat":"repeat","background-position":"center center","background-size":"auto","background-attachment":"scroll","background-type":"","background-media":"","overlay-type":"","overlay-color":"","overlay-opacity":"","overlay-gradient":""},"mobile":{"background-color":"","background-image":"","background-repeat":"repeat","background-position":"center center","background-size":"auto","background-attachment":"scroll","background-type":"","background-media":"","overlay-type":"","overlay-color":"","overlay-opacity":"","overlay-gradient":""}},"ast-content-background-meta":{"desktop":{"background-color":"var(--ast-global-color-5)","background-image":"","background-repeat":"repeat","background-position":"center center","background-size":"auto","background-attachment":"scroll","background-type":"","background-media":"","overlay-type":"","overlay-color":"","overlay-opacity":"","overlay-gradient":""},"tablet":{"background-color":"var(--ast-global-color-5)","background-image":"","background-repeat":"repeat","background-position":"center center","background-size":"auto","background-attachment":"scroll","background-type":"","background-media":"","overlay-type":"","overlay-color":"","overlay-opacity":"","overlay-gradient":""},"mobile":{"background-color":"var(--ast-global-color-5)","background-image":"","background-repeat":"repeat","background-position":"center center","background-size":"auto","background-attachment":"scroll","background-type":"","background-media":"","overlay-type":"","overlay-color":"","overlay-opacity":"","overlay-gradient":""}}},"product_brand":[],"product_cat":[19],"product_tag":[],"class_list":{"0":"post-3672","1":"product","2":"type-product","3":"status-publish","4":"has-post-thumbnail","6":"product_cat-kezeles","7":"desktop-align-left","8":"tablet-align-left","9":"mobile-align-left","11":"first","12":"instock","13":"virtual","14":"purchasable","15":"product-type-simple"},"_links":{"self":[{"href":"https:\/\/erdosedina.hu\/fr\/wp-json\/wp\/v2\/product\/3672","targetHints":{"allow":["GET"]}}],"collection":[{"href":"https:\/\/erdosedina.hu\/fr\/wp-json\/wp\/v2\/product"}],"about":[{"href":"https:\/\/erdosedina.hu\/fr\/wp-json\/wp\/v2\/types\/product"}],"version-history":[{"count":1,"href":"https:\/\/erdosedina.hu\/fr\/wp-json\/wp\/v2\/product\/3672\/revisions"}],"predecessor-version":[{"id":5194,"href":"https:\/\/erdosedina.hu\/fr\/wp-json\/wp\/v2\/product\/3672\/revisions\/5194"}],"wp:featuredmedia":[{"embeddable":true,"href":"https:\/\/erdosedina.hu\/fr\/wp-json\/wp\/v2\/media\/1304"}],"wp:attachment":[{"href":"https:\/\/erdosedina.hu\/fr\/wp-json\/wp\/v2\/media?parent=3672"}],"wp:term":[{"taxonomy":"product_brand","embeddable":true,"href":"https:\/\/erdosedina.hu\/fr\/wp-json\/wp\/v2\/product_brand?post=3672"},{"taxonomy":"product_cat","embeddable":true,"href":"https:\/\/erdosedina.hu\/fr\/wp-json\/wp\/v2\/product_cat?post=3672"},{"taxonomy":"product_tag","embeddable":true,"href":"https:\/\/erdosedina.hu\/fr\/wp-json\/wp\/v2\/product_tag?post=3672"}],"curies":[{"name":"wp","href":"https:\/\/api.w.org\/{rel}","templated":true}]}}