{"id":3670,"date":"2022-09-02T08:53:46","date_gmt":"2022-09-02T08:53:46","guid":{"rendered":"http:\/\/erdosedina.hu\/?post_type=product&#038;p=3670"},"modified":"2025-11-27T09:54:33","modified_gmt":"2025-11-27T09:54:33","slug":"online-eletvezetesi-tanacsadas-elemzes-60-perc","status":"publish","type":"product","link":"https:\/\/erdosedina.hu\/fr\/online-eletvezetesi-tanacsadas-elemzes-60-perc\/","title":{"rendered":"Online \u00e9letvezet\u00e9si tan\u00e1csad\u00e1s, elemz\u00e9s 60 perc"},"content":{"rendered":"","protected":false},"excerpt":{"rendered":"<p>60 perces online \u00e9let\u00fat elemz\u00e9s a Tarot k\u00e1rtya seg\u00edts\u00e9g\u00e9vel. A Tarot k\u00e1rtya egy kiv\u00e1l\u00f3 \u00e9s pontos \u00f6nismereti eszk\u00f6z, szimbolik\u00e1ja tiszt\u00e1n \u00e9s egy\u00e9rtelm\u0171en seg\u00edt eligazodni a benned zajl\u00f3 folyamatokban. Az \u00e9let\u00fat elemz\u00e9s nem j\u00f3sl\u00e1s. Te vagy saj\u00e1t \u00e9leted ir\u00e1ny\u00edt\u00f3ja, a d\u00f6nt\u00e9seket Te magad hozod meg. Az elemz\u00e9sek kiz\u00e1r\u00f3lag \u00fatmutat\u00e1st \u00e9s seg\u00edts\u00e9get ny\u00fajtanak a meg\u00e9rt\u00e9shez, kreat\u00edv \u00f6tleteket a meg\u00fajul\u00e1shoz. Azoknak aj\u00e1nlom, akik befogad\u00f3k, \u00e9berek, nem k\u00e9sz megold\u00e1sokat keresnek, \u00e9s hajland\u00f3ak tenni a saj\u00e1t el\u0151rehalad\u00e1suk\u00e9rt.<\/p>\n<p>J\u00f3sl\u00e1ssal nem foglalkozom!<\/p>","protected":false},"featured_media":3322,"template":"","meta":{"site-sidebar-layout":"default","site-content-layout":"default","ast-site-content-layout":"default","site-content-style":"default","site-sidebar-style":"default","ast-global-header-display":"","ast-banner-title-visibility":"","ast-main-header-display":"","ast-hfb-above-header-display":"","ast-hfb-below-header-display":"","ast-hfb-mobile-header-display":"","site-post-title":"","ast-breadcrumbs-content":"","ast-featured-img":"","footer-sml-layout":"","theme-transparent-header-meta":"default","adv-header-id-meta":"","stick-header-meta":"","header-above-stick-meta":"","header-main-stick-meta":"","header-below-stick-meta":"","astra-migrate-meta-layouts":"set","ast-page-background-enabled":"default","ast-page-background-meta":{"desktop":{"background-color":"var(--ast-global-color-4)","background-image":"","background-repeat":"repeat","background-position":"center center","background-size":"auto","background-attachment":"scroll","background-type":"","background-media":"","overlay-type":"","overlay-color":"","overlay-opacity":"","overlay-gradient":""},"tablet":{"background-color":"","background-image":"","background-repeat":"repeat","background-position":"center center","background-size":"auto","background-attachment":"scroll","background-type":"","background-media":"","overlay-type":"","overlay-color":"","overlay-opacity":"","overlay-gradient":""},"mobile":{"background-color":"","background-image":"","background-repeat":"repeat","background-position":"center center","background-size":"auto","background-attachment":"scroll","background-type":"","background-media":"","overlay-type":"","overlay-color":"","overlay-opacity":"","overlay-gradient":""}},"ast-content-background-meta":{"desktop":{"background-color":"var(--ast-global-color-5)","background-image":"","background-repeat":"repeat","background-position":"center center","background-size":"auto","background-attachment":"scroll","background-type":"","background-media":"","overlay-type":"","overlay-color":"","overlay-opacity":"","overlay-gradient":""},"tablet":{"background-color":"var(--ast-global-color-5)","background-image":"","background-repeat":"repeat","background-position":"center center","background-size":"auto","background-attachment":"scroll","background-type":"","background-media":"","overlay-type":"","overlay-color":"","overlay-opacity":"","overlay-gradient":""},"mobile":{"background-color":"var(--ast-global-color-5)","background-image":"","background-repeat":"repeat","background-position":"center center","background-size":"auto","background-attachment":"scroll","background-type":"","background-media":"","overlay-type":"","overlay-color":"","overlay-opacity":"","overlay-gradient":""}}},"product_brand":[],"product_cat":[19],"product_tag":[],"class_list":{"0":"post-3670","1":"product","2":"type-product","3":"status-publish","4":"has-post-thumbnail","6":"product_cat-kezeles","7":"desktop-align-left","8":"tablet-align-left","9":"mobile-align-left","11":"first","12":"instock","13":"virtual","14":"purchasable","15":"product-type-simple"},"_links":{"self":[{"href":"https:\/\/erdosedina.hu\/fr\/wp-json\/wp\/v2\/product\/3670","targetHints":{"allow":["GET"]}}],"collection":[{"href":"https:\/\/erdosedina.hu\/fr\/wp-json\/wp\/v2\/product"}],"about":[{"href":"https:\/\/erdosedina.hu\/fr\/wp-json\/wp\/v2\/types\/product"}],"version-history":[{"count":1,"href":"https:\/\/erdosedina.hu\/fr\/wp-json\/wp\/v2\/product\/3670\/revisions"}],"predecessor-version":[{"id":5195,"href":"https:\/\/erdosedina.hu\/fr\/wp-json\/wp\/v2\/product\/3670\/revisions\/5195"}],"wp:featuredmedia":[{"embeddable":true,"href":"https:\/\/erdosedina.hu\/fr\/wp-json\/wp\/v2\/media\/3322"}],"wp:attachment":[{"href":"https:\/\/erdosedina.hu\/fr\/wp-json\/wp\/v2\/media?parent=3670"}],"wp:term":[{"taxonomy":"product_brand","embeddable":true,"href":"https:\/\/erdosedina.hu\/fr\/wp-json\/wp\/v2\/product_brand?post=3670"},{"taxonomy":"product_cat","embeddable":true,"href":"https:\/\/erdosedina.hu\/fr\/wp-json\/wp\/v2\/product_cat?post=3670"},{"taxonomy":"product_tag","embeddable":true,"href":"https:\/\/erdosedina.hu\/fr\/wp-json\/wp\/v2\/product_tag?post=3670"}],"curies":[{"name":"wp","href":"https:\/\/api.w.org\/{rel}","templated":true}]}}