{"id":3645,"date":"2022-09-02T07:59:17","date_gmt":"2022-09-02T07:59:17","guid":{"rendered":"http:\/\/erdosedina.hu\/?post_type=product&#038;p=3645"},"modified":"2025-11-27T09:54:40","modified_gmt":"2025-11-27T09:54:40","slug":"eletvezetesi-coaching","status":"publish","type":"product","link":"https:\/\/erdosedina.hu\/fr\/eletvezetesi-coaching\/","title":{"rendered":"\u00c9letvezet\u00e9si coaching 60 perc"},"content":{"rendered":"","protected":false},"excerpt":{"rendered":"<p>60 perces konzult\u00e1ci\u00f3, mely els\u0151sorban a jelenben rendelkez\u00e9sedre \u00e1ll\u00f3 \u00e9rzelmi \u00e9s egy\u00e9b eszk\u00f6zt\u00e1radat felfedezve \u00e9s j\u00f3l haszn\u00e1lva egy \u00faj, teljesebb j\u00f6v\u0151k\u00e9p fel\u00e9 seg\u00edt tekintened. Azoknak aj\u00e1nlom, akik v\u00e1ltoztatni szeretn\u00e9nek, illetve azoknak is, akik sz\u00edvesen tanulnak \u00e9s alkalmaznak \u00faj m\u00f3dszereket \u00e9let\u00fck egyszer\u0171s\u00edt\u00e9s\u00e9re. Online \u00e9s szem\u00e9lyesen is k\u00e9rhet\u0151.<\/p>","protected":false},"featured_media":337,"template":"","meta":{"site-sidebar-layout":"default","site-content-layout":"default","ast-site-content-layout":"default","site-content-style":"default","site-sidebar-style":"default","ast-global-header-display":"","ast-banner-title-visibility":"","ast-main-header-display":"","ast-hfb-above-header-display":"","ast-hfb-below-header-display":"","ast-hfb-mobile-header-display":"","site-post-title":"","ast-breadcrumbs-content":"","ast-featured-img":"","footer-sml-layout":"","theme-transparent-header-meta":"default","adv-header-id-meta":"","stick-header-meta":"","header-above-stick-meta":"","header-main-stick-meta":"","header-below-stick-meta":"","astra-migrate-meta-layouts":"set","ast-page-background-enabled":"default","ast-page-background-meta":{"desktop":{"background-color":"var(--ast-global-color-4)","background-image":"","background-repeat":"repeat","background-position":"center center","background-size":"auto","background-attachment":"scroll","background-type":"","background-media":"","overlay-type":"","overlay-color":"","overlay-opacity":"","overlay-gradient":""},"tablet":{"background-color":"","background-image":"","background-repeat":"repeat","background-position":"center center","background-size":"auto","background-attachment":"scroll","background-type":"","background-media":"","overlay-type":"","overlay-color":"","overlay-opacity":"","overlay-gradient":""},"mobile":{"background-color":"","background-image":"","background-repeat":"repeat","background-position":"center center","background-size":"auto","background-attachment":"scroll","background-type":"","background-media":"","overlay-type":"","overlay-color":"","overlay-opacity":"","overlay-gradient":""}},"ast-content-background-meta":{"desktop":{"background-color":"var(--ast-global-color-5)","background-image":"","background-repeat":"repeat","background-position":"center center","background-size":"auto","background-attachment":"scroll","background-type":"","background-media":"","overlay-type":"","overlay-color":"","overlay-opacity":"","overlay-gradient":""},"tablet":{"background-color":"var(--ast-global-color-5)","background-image":"","background-repeat":"repeat","background-position":"center center","background-size":"auto","background-attachment":"scroll","background-type":"","background-media":"","overlay-type":"","overlay-color":"","overlay-opacity":"","overlay-gradient":""},"mobile":{"background-color":"var(--ast-global-color-5)","background-image":"","background-repeat":"repeat","background-position":"center center","background-size":"auto","background-attachment":"scroll","background-type":"","background-media":"","overlay-type":"","overlay-color":"","overlay-opacity":"","overlay-gradient":""}}},"product_brand":[],"product_cat":[26],"product_tag":[],"class_list":{"0":"post-3645","1":"product","2":"type-product","3":"status-publish","4":"has-post-thumbnail","6":"product_cat-szolgaltatasok","7":"desktop-align-left","8":"tablet-align-left","9":"mobile-align-left","11":"first","12":"instock","13":"virtual","14":"purchasable","15":"product-type-simple"},"_links":{"self":[{"href":"https:\/\/erdosedina.hu\/fr\/wp-json\/wp\/v2\/product\/3645","targetHints":{"allow":["GET"]}}],"collection":[{"href":"https:\/\/erdosedina.hu\/fr\/wp-json\/wp\/v2\/product"}],"about":[{"href":"https:\/\/erdosedina.hu\/fr\/wp-json\/wp\/v2\/types\/product"}],"version-history":[{"count":1,"href":"https:\/\/erdosedina.hu\/fr\/wp-json\/wp\/v2\/product\/3645\/revisions"}],"predecessor-version":[{"id":5196,"href":"https:\/\/erdosedina.hu\/fr\/wp-json\/wp\/v2\/product\/3645\/revisions\/5196"}],"wp:featuredmedia":[{"embeddable":true,"href":"https:\/\/erdosedina.hu\/fr\/wp-json\/wp\/v2\/media\/337"}],"wp:attachment":[{"href":"https:\/\/erdosedina.hu\/fr\/wp-json\/wp\/v2\/media?parent=3645"}],"wp:term":[{"taxonomy":"product_brand","embeddable":true,"href":"https:\/\/erdosedina.hu\/fr\/wp-json\/wp\/v2\/product_brand?post=3645"},{"taxonomy":"product_cat","embeddable":true,"href":"https:\/\/erdosedina.hu\/fr\/wp-json\/wp\/v2\/product_cat?post=3645"},{"taxonomy":"product_tag","embeddable":true,"href":"https:\/\/erdosedina.hu\/fr\/wp-json\/wp\/v2\/product_tag?post=3645"}],"curies":[{"name":"wp","href":"https:\/\/api.w.org\/{rel}","templated":true}]}}