{"id":3641,"date":"2022-09-02T07:57:42","date_gmt":"2022-09-02T07:57:42","guid":{"rendered":"http:\/\/erdosedina.hu\/?post_type=product&#038;p=3641"},"modified":"2025-11-27T09:54:46","modified_gmt":"2025-11-27T09:54:46","slug":"tanulasi-coaching-diakoknak-online-60-perc","status":"publish","type":"product","link":"https:\/\/erdosedina.hu\/fr\/tanulasi-coaching-diakoknak-online-60-perc\/","title":{"rendered":"Tanul\u00e1si coaching di\u00e1koknak &#8211; online, 60 perc"},"content":{"rendered":"","protected":false},"excerpt":{"rendered":"<p>Di\u00e1koknak (feln\u0151tt di\u00e1koknak is!! ) aj\u00e1nlom a tanul\u00e1si coachingot. Mindannyian m\u00e1shogyan tudunk tanulni, memoriz\u00e1lni, \u00e9s sokszor csak a rossz technika miatt nem megy a sz\u00f6veg\u00e9rt\u00e9s, az eml\u00e9kez\u00e9s, a sz\u00e1mol\u00e1s vagy a fogalmaz\u00e1s. Amikor megismerj\u00fck \u00e9s elfogadjuk a sz\u00e1munkra megfelel\u0151 tanul\u00e1si strat\u00e9gi\u00e1t \u00e9s m\u00f3dszereket, k\u00f6nnyebben jutunk sikerhez. Ehhez ny\u00fajt seg\u00edts\u00e9get ez a foglalkoz\u00e1s, melyet k\u00e9nyelmesen v\u00e9gezhet\u00fcnk az online t\u00e9rben. Ha tanul\u00f3 vagy (\u00e9letkort\u00f3l f\u00fcggetlen\u00fcl) \u00e9s elakadt\u00e1l, Neked val\u00f3 a tanul\u00e1si coaching! Kreat\u00edv tanul\u00e1si technik\u00e1kat tanulunk, sz\u00e1modra szem\u00e9lyre szabva. A besz\u00e9lget\u00e9s sor\u00e1n azt is meg tudjuk hat\u00e1rozni, mikor \u00e9s milyen \u00e9rzelmi stressz telepedett r\u00e1 a tanul\u00e1sra, \u00e9s ha sz\u00fcks\u00e9ges, tov\u00e1bbi foglalkoz\u00e1sok keret\u00e9ben fel tudjuk benned oldani azt! Gyere \u00e9s tanulj k\u00f6nnyed\u00e9n!<\/p>\n<p>&nbsp;<\/p>","protected":false},"featured_media":4628,"template":"","meta":{"site-sidebar-layout":"default","site-content-layout":"default","ast-site-content-layout":"default","site-content-style":"default","site-sidebar-style":"default","ast-global-header-display":"","ast-banner-title-visibility":"","ast-main-header-display":"","ast-hfb-above-header-display":"","ast-hfb-below-header-display":"","ast-hfb-mobile-header-display":"","site-post-title":"","ast-breadcrumbs-content":"","ast-featured-img":"","footer-sml-layout":"","theme-transparent-header-meta":"default","adv-header-id-meta":"","stick-header-meta":"","header-above-stick-meta":"","header-main-stick-meta":"","header-below-stick-meta":"","astra-migrate-meta-layouts":"set","ast-page-background-enabled":"default","ast-page-background-meta":{"desktop":{"background-color":"var(--ast-global-color-4)","background-image":"","background-repeat":"repeat","background-position":"center center","background-size":"auto","background-attachment":"scroll","background-type":"","background-media":"","overlay-type":"","overlay-color":"","overlay-opacity":"","overlay-gradient":""},"tablet":{"background-color":"","background-image":"","background-repeat":"repeat","background-position":"center center","background-size":"auto","background-attachment":"scroll","background-type":"","background-media":"","overlay-type":"","overlay-color":"","overlay-opacity":"","overlay-gradient":""},"mobile":{"background-color":"","background-image":"","background-repeat":"repeat","background-position":"center center","background-size":"auto","background-attachment":"scroll","background-type":"","background-media":"","overlay-type":"","overlay-color":"","overlay-opacity":"","overlay-gradient":""}},"ast-content-background-meta":{"desktop":{"background-color":"var(--ast-global-color-5)","background-image":"","background-repeat":"repeat","background-position":"center center","background-size":"auto","background-attachment":"scroll","background-type":"","background-media":"","overlay-type":"","overlay-color":"","overlay-opacity":"","overlay-gradient":""},"tablet":{"background-color":"var(--ast-global-color-5)","background-image":"","background-repeat":"repeat","background-position":"center center","background-size":"auto","background-attachment":"scroll","background-type":"","background-media":"","overlay-type":"","overlay-color":"","overlay-opacity":"","overlay-gradient":""},"mobile":{"background-color":"var(--ast-global-color-5)","background-image":"","background-repeat":"repeat","background-position":"center center","background-size":"auto","background-attachment":"scroll","background-type":"","background-media":"","overlay-type":"","overlay-color":"","overlay-opacity":"","overlay-gradient":""}}},"product_brand":[],"product_cat":[26],"product_tag":[],"class_list":{"0":"post-3641","1":"product","2":"type-product","3":"status-publish","4":"has-post-thumbnail","6":"product_cat-szolgaltatasok","7":"desktop-align-left","8":"tablet-align-left","9":"mobile-align-left","11":"first","12":"instock","13":"virtual","14":"purchasable","15":"product-type-simple"},"_links":{"self":[{"href":"https:\/\/erdosedina.hu\/fr\/wp-json\/wp\/v2\/product\/3641","targetHints":{"allow":["GET"]}}],"collection":[{"href":"https:\/\/erdosedina.hu\/fr\/wp-json\/wp\/v2\/product"}],"about":[{"href":"https:\/\/erdosedina.hu\/fr\/wp-json\/wp\/v2\/types\/product"}],"version-history":[{"count":1,"href":"https:\/\/erdosedina.hu\/fr\/wp-json\/wp\/v2\/product\/3641\/revisions"}],"predecessor-version":[{"id":5197,"href":"https:\/\/erdosedina.hu\/fr\/wp-json\/wp\/v2\/product\/3641\/revisions\/5197"}],"wp:featuredmedia":[{"embeddable":true,"href":"https:\/\/erdosedina.hu\/fr\/wp-json\/wp\/v2\/media\/4628"}],"wp:attachment":[{"href":"https:\/\/erdosedina.hu\/fr\/wp-json\/wp\/v2\/media?parent=3641"}],"wp:term":[{"taxonomy":"product_brand","embeddable":true,"href":"https:\/\/erdosedina.hu\/fr\/wp-json\/wp\/v2\/product_brand?post=3641"},{"taxonomy":"product_cat","embeddable":true,"href":"https:\/\/erdosedina.hu\/fr\/wp-json\/wp\/v2\/product_cat?post=3641"},{"taxonomy":"product_tag","embeddable":true,"href":"https:\/\/erdosedina.hu\/fr\/wp-json\/wp\/v2\/product_tag?post=3641"}],"curies":[{"name":"wp","href":"https:\/\/api.w.org\/{rel}","templated":true}]}}