{"id":3638,"date":"2022-09-02T07:46:55","date_gmt":"2022-09-02T07:46:55","guid":{"rendered":"http:\/\/erdosedina.hu\/?post_type=product&#038;p=3638"},"modified":"2025-11-27T09:54:54","modified_gmt":"2025-11-27T09:54:54","slug":"oh-kartya-konzultacio-online","status":"publish","type":"product","link":"https:\/\/erdosedina.hu\/fr\/oh-kartya-konzultacio-online\/","title":{"rendered":"OH k\u00e1rtya konzult\u00e1ci\u00f3 (ONLINE) 60 perc"},"content":{"rendered":"","protected":false},"excerpt":{"rendered":"<p>A 60 perces\u00a0 OH k\u00e1rty\u00e1kkal v\u00e9gzett konzult\u00e1ci\u00f3k sz\u00ednesek \u00e9s egyed\u00fcl\u00e1ll\u00f3ak, kiv\u00e1l\u00f3 eszk\u00f6z\u00f6k az \u00f6nismeret fejleszt\u00e9s\u00e9re, a tudattalanul fut\u00f3 programjaink megismer\u00e9s\u00e9re. Sz\u00e1mtalan kombin\u00e1ci\u00f3 l\u00e1that napvil\u00e1got. Biztos lehetsz benne, hogy azt a kombin\u00e1ci\u00f3t fogja el\u00e9d t\u00e1rni, amire \u00e9pp a legnagyobb sz\u00fcks\u00e9ged van az adott pillanatban. Megtan\u00edt befel\u00e9 figyelni, \u00e9rzelmeket azonos\u00edtani \u00e9s sz\u00e1mos megold\u00e1st t\u00e1r fel el\u0151tted, melyeket Te magad fogalmazhatsz meg, \u00edgy a v\u00e1ltoz\u00e1sokat Te magad ind\u00edthatod meg az \u00e9letedben, saj\u00e1t temp\u00f3dban. Fejleszti a kreativit\u00e1st \u00e9s az egy\u00fcttm\u0171k\u00f6d\u00e9si k\u00e9pess\u00e9geket. Minden koroszt\u00e1lynak meleg sz\u00edvvel aj\u00e1nlom!<\/p>","protected":false},"featured_media":4598,"template":"","meta":{"site-sidebar-layout":"default","site-content-layout":"default","ast-site-content-layout":"default","site-content-style":"default","site-sidebar-style":"default","ast-global-header-display":"","ast-banner-title-visibility":"","ast-main-header-display":"","ast-hfb-above-header-display":"","ast-hfb-below-header-display":"","ast-hfb-mobile-header-display":"","site-post-title":"","ast-breadcrumbs-content":"","ast-featured-img":"","footer-sml-layout":"","theme-transparent-header-meta":"default","adv-header-id-meta":"","stick-header-meta":"","header-above-stick-meta":"","header-main-stick-meta":"","header-below-stick-meta":"","astra-migrate-meta-layouts":"set","ast-page-background-enabled":"default","ast-page-background-meta":{"desktop":{"background-color":"var(--ast-global-color-4)","background-image":"","background-repeat":"repeat","background-position":"center center","background-size":"auto","background-attachment":"scroll","background-type":"","background-media":"","overlay-type":"","overlay-color":"","overlay-opacity":"","overlay-gradient":""},"tablet":{"background-color":"","background-image":"","background-repeat":"repeat","background-position":"center center","background-size":"auto","background-attachment":"scroll","background-type":"","background-media":"","overlay-type":"","overlay-color":"","overlay-opacity":"","overlay-gradient":""},"mobile":{"background-color":"","background-image":"","background-repeat":"repeat","background-position":"center center","background-size":"auto","background-attachment":"scroll","background-type":"","background-media":"","overlay-type":"","overlay-color":"","overlay-opacity":"","overlay-gradient":""}},"ast-content-background-meta":{"desktop":{"background-color":"var(--ast-global-color-5)","background-image":"","background-repeat":"repeat","background-position":"center center","background-size":"auto","background-attachment":"scroll","background-type":"","background-media":"","overlay-type":"","overlay-color":"","overlay-opacity":"","overlay-gradient":""},"tablet":{"background-color":"var(--ast-global-color-5)","background-image":"","background-repeat":"repeat","background-position":"center center","background-size":"auto","background-attachment":"scroll","background-type":"","background-media":"","overlay-type":"","overlay-color":"","overlay-opacity":"","overlay-gradient":""},"mobile":{"background-color":"var(--ast-global-color-5)","background-image":"","background-repeat":"repeat","background-position":"center center","background-size":"auto","background-attachment":"scroll","background-type":"","background-media":"","overlay-type":"","overlay-color":"","overlay-opacity":"","overlay-gradient":""}}},"product_brand":[],"product_cat":[26],"product_tag":[],"class_list":{"0":"post-3638","1":"product","2":"type-product","3":"status-publish","4":"has-post-thumbnail","6":"product_cat-szolgaltatasok","7":"desktop-align-left","8":"tablet-align-left","9":"mobile-align-left","11":"first","12":"instock","13":"virtual","14":"purchasable","15":"product-type-simple"},"_links":{"self":[{"href":"https:\/\/erdosedina.hu\/fr\/wp-json\/wp\/v2\/product\/3638","targetHints":{"allow":["GET"]}}],"collection":[{"href":"https:\/\/erdosedina.hu\/fr\/wp-json\/wp\/v2\/product"}],"about":[{"href":"https:\/\/erdosedina.hu\/fr\/wp-json\/wp\/v2\/types\/product"}],"version-history":[{"count":1,"href":"https:\/\/erdosedina.hu\/fr\/wp-json\/wp\/v2\/product\/3638\/revisions"}],"predecessor-version":[{"id":5198,"href":"https:\/\/erdosedina.hu\/fr\/wp-json\/wp\/v2\/product\/3638\/revisions\/5198"}],"wp:featuredmedia":[{"embeddable":true,"href":"https:\/\/erdosedina.hu\/fr\/wp-json\/wp\/v2\/media\/4598"}],"wp:attachment":[{"href":"https:\/\/erdosedina.hu\/fr\/wp-json\/wp\/v2\/media?parent=3638"}],"wp:term":[{"taxonomy":"product_brand","embeddable":true,"href":"https:\/\/erdosedina.hu\/fr\/wp-json\/wp\/v2\/product_brand?post=3638"},{"taxonomy":"product_cat","embeddable":true,"href":"https:\/\/erdosedina.hu\/fr\/wp-json\/wp\/v2\/product_cat?post=3638"},{"taxonomy":"product_tag","embeddable":true,"href":"https:\/\/erdosedina.hu\/fr\/wp-json\/wp\/v2\/product_tag?post=3638"}],"curies":[{"name":"wp","href":"https:\/\/api.w.org\/{rel}","templated":true}]}}