{"id":3634,"date":"2022-09-02T07:39:41","date_gmt":"2022-09-02T07:39:41","guid":{"rendered":"http:\/\/erdosedina.hu\/?post_type=product&#038;p=3634"},"modified":"2025-11-27T09:55:08","modified_gmt":"2025-11-27T09:55:08","slug":"10-alkalmas-onismereti-berlet","status":"publish","type":"product","link":"https:\/\/erdosedina.hu\/fr\/10-alkalmas-onismereti-berlet\/","title":{"rendered":"10 alkalmas \u00f6nismereti b\u00e9rlet (60 perc\/alkalom)"},"content":{"rendered":"","protected":false},"excerpt":{"rendered":"<p>Azoknak aj\u00e1nlom, akik folyamatosan dolgozn\u00e1nak \u00f6nmaguk\u00e9rt, \u00e9s tart\u00f3s v\u00e1ltoz\u00e1st akarnak el\u00e9rni. A 10 alkalommal m\u00e9lyebb \u00f6nismeretre, meg\u00e9rt\u00e9sre teszel szert. Feloldunk r\u00e9gi \u00e9rzelmi stresszeket, beazonos\u00edtjuk azokat a t\u00e9nyez\u0151ket, melyek g\u00e1tolnak a halad\u00e1sban, \u00faj strat\u00e9giai eszk\u00f6z\u00f6ket kapsz a siker \u00e9s az \u00f6r\u00f6m el\u00e9r\u00e9se \u00e9rdek\u00e9ben. Ilyen p\u00e9ld\u00e1ul az id\u0151menedzsment, az intu\u00edci\u00f3 fejleszt\u00e9s, \u00e9s a pihen\u00e9s technik\u00e1i, \u00e9s a v\u00e1laszt\u00e9k hat\u00e1rtalan. Azoknak aj\u00e1nlom, akik elk\u00f6telez\u0151dnek \u00f6nmaguk mellett, felismert\u00e9k, hogy minden rajtuk m\u00falik \u00e9s ez\u00e9rt hajland\u00f3ak tenni is.<\/p>","protected":false},"featured_media":4778,"template":"","meta":{"site-sidebar-layout":"default","site-content-layout":"default","ast-site-content-layout":"default","site-content-style":"default","site-sidebar-style":"default","ast-global-header-display":"","ast-banner-title-visibility":"","ast-main-header-display":"","ast-hfb-above-header-display":"","ast-hfb-below-header-display":"","ast-hfb-mobile-header-display":"","site-post-title":"","ast-breadcrumbs-content":"","ast-featured-img":"","footer-sml-layout":"","theme-transparent-header-meta":"default","adv-header-id-meta":"","stick-header-meta":"","header-above-stick-meta":"","header-main-stick-meta":"","header-below-stick-meta":"","astra-migrate-meta-layouts":"set","ast-page-background-enabled":"default","ast-page-background-meta":{"desktop":{"background-color":"var(--ast-global-color-4)","background-image":"","background-repeat":"repeat","background-position":"center center","background-size":"auto","background-attachment":"scroll","background-type":"","background-media":"","overlay-type":"","overlay-color":"","overlay-opacity":"","overlay-gradient":""},"tablet":{"background-color":"","background-image":"","background-repeat":"repeat","background-position":"center center","background-size":"auto","background-attachment":"scroll","background-type":"","background-media":"","overlay-type":"","overlay-color":"","overlay-opacity":"","overlay-gradient":""},"mobile":{"background-color":"","background-image":"","background-repeat":"repeat","background-position":"center center","background-size":"auto","background-attachment":"scroll","background-type":"","background-media":"","overlay-type":"","overlay-color":"","overlay-opacity":"","overlay-gradient":""}},"ast-content-background-meta":{"desktop":{"background-color":"var(--ast-global-color-5)","background-image":"","background-repeat":"repeat","background-position":"center center","background-size":"auto","background-attachment":"scroll","background-type":"","background-media":"","overlay-type":"","overlay-color":"","overlay-opacity":"","overlay-gradient":""},"tablet":{"background-color":"var(--ast-global-color-5)","background-image":"","background-repeat":"repeat","background-position":"center center","background-size":"auto","background-attachment":"scroll","background-type":"","background-media":"","overlay-type":"","overlay-color":"","overlay-opacity":"","overlay-gradient":""},"mobile":{"background-color":"var(--ast-global-color-5)","background-image":"","background-repeat":"repeat","background-position":"center center","background-size":"auto","background-attachment":"scroll","background-type":"","background-media":"","overlay-type":"","overlay-color":"","overlay-opacity":"","overlay-gradient":""}}},"product_brand":[],"product_cat":[26],"product_tag":[],"class_list":{"0":"post-3634","1":"product","2":"type-product","3":"status-publish","4":"has-post-thumbnail","6":"product_cat-szolgaltatasok","7":"desktop-align-left","8":"tablet-align-left","9":"mobile-align-left","11":"first","12":"instock","13":"virtual","14":"purchasable","15":"product-type-simple"},"_links":{"self":[{"href":"https:\/\/erdosedina.hu\/fr\/wp-json\/wp\/v2\/product\/3634","targetHints":{"allow":["GET"]}}],"collection":[{"href":"https:\/\/erdosedina.hu\/fr\/wp-json\/wp\/v2\/product"}],"about":[{"href":"https:\/\/erdosedina.hu\/fr\/wp-json\/wp\/v2\/types\/product"}],"version-history":[{"count":1,"href":"https:\/\/erdosedina.hu\/fr\/wp-json\/wp\/v2\/product\/3634\/revisions"}],"predecessor-version":[{"id":5199,"href":"https:\/\/erdosedina.hu\/fr\/wp-json\/wp\/v2\/product\/3634\/revisions\/5199"}],"wp:featuredmedia":[{"embeddable":true,"href":"https:\/\/erdosedina.hu\/fr\/wp-json\/wp\/v2\/media\/4778"}],"wp:attachment":[{"href":"https:\/\/erdosedina.hu\/fr\/wp-json\/wp\/v2\/media?parent=3634"}],"wp:term":[{"taxonomy":"product_brand","embeddable":true,"href":"https:\/\/erdosedina.hu\/fr\/wp-json\/wp\/v2\/product_brand?post=3634"},{"taxonomy":"product_cat","embeddable":true,"href":"https:\/\/erdosedina.hu\/fr\/wp-json\/wp\/v2\/product_cat?post=3634"},{"taxonomy":"product_tag","embeddable":true,"href":"https:\/\/erdosedina.hu\/fr\/wp-json\/wp\/v2\/product_tag?post=3634"}],"curies":[{"name":"wp","href":"https:\/\/api.w.org\/{rel}","templated":true}]}}