{"id":4567,"date":"2022-09-21T07:25:08","date_gmt":"2022-09-21T07:25:08","guid":{"rendered":"http:\/\/erdosedina.hu\/?page_id=4567"},"modified":"2022-09-29T07:05:35","modified_gmt":"2022-09-29T07:05:35","slug":"eletut-elemzes","status":"publish","type":"page","link":"https:\/\/erdosedina.hu\/fr\/eletut-elemzes\/","title":{"rendered":"L\u2019analyse de parcours de vie"},"content":{"rendered":"<div data-elementor-type=\"wp-page\" data-elementor-id=\"4567\" class=\"elementor elementor-4567\" data-elementor-post-type=\"page\">\n\t\t\t\t\t\t<section class=\"elementor-section elementor-top-section elementor-element elementor-element-249b8153 elementor-section-full_width elementor-section-height-min-height elementor-section-items-stretch elementor-section-content-middle elementor-section-height-default\" data-id=\"249b8153\" data-element_type=\"section\" data-e-type=\"section\">\n\t\t\t\t\t\t<div class=\"elementor-container elementor-column-gap-no\">\n\t\t\t\t\t<div class=\"elementor-column elementor-col-100 elementor-top-column elementor-element elementor-element-7f732136\" data-id=\"7f732136\" data-element_type=\"column\" data-e-type=\"column\">\n\t\t\t<div class=\"elementor-widget-wrap elementor-element-populated\">\n\t\t\t\t\t\t<div class=\"elementor-element elementor-element-1378200f elementor-widget__width-auto elementor-absolute elementor-invisible elementor-widget elementor-widget-image\" data-id=\"1378200f\" data-element_type=\"widget\" data-e-type=\"widget\" data-settings=\"{&quot;_animation&quot;:&quot;slideInLeft&quot;,&quot;_position&quot;:&quot;absolute&quot;}\" data-widget_type=\"image.default\">\n\t\t\t\t<div class=\"elementor-widget-container\">\n\t\t\t\t\t\t\t\t\t\t\t\t\t\t\t<img fetchpriority=\"high\" decoding=\"async\" width=\"670\" height=\"667\" src=\"https:\/\/erdosedina.hu\/wp-content\/uploads\/2022\/09\/eletut_elemzes.jpg\" class=\"attachment-large size-large wp-image-4623\" alt=\"\" srcset=\"https:\/\/erdosedina.hu\/wp-content\/uploads\/2022\/09\/eletut_elemzes.jpg 670w, https:\/\/erdosedina.hu\/wp-content\/uploads\/2022\/09\/eletut_elemzes-300x300.jpg 300w, https:\/\/erdosedina.hu\/wp-content\/uploads\/2022\/09\/eletut_elemzes-150x150.jpg 150w, https:\/\/erdosedina.hu\/wp-content\/uploads\/2022\/09\/eletut_elemzes-12x12.jpg 12w, https:\/\/erdosedina.hu\/wp-content\/uploads\/2022\/09\/eletut_elemzes-600x597.jpg 600w, https:\/\/erdosedina.hu\/wp-content\/uploads\/2022\/09\/eletut_elemzes-100x100.jpg 100w\" sizes=\"(max-width: 670px) 100vw, 670px\" \/>\t\t\t\t\t\t\t\t\t\t\t\t\t\t\t<\/div>\n\t\t\t\t<\/div>\n\t\t\t\t<section class=\"elementor-section elementor-inner-section elementor-element elementor-element-23b85abd elementor-section-height-min-height elementor-section-content-middle elementor-section-boxed elementor-section-height-default\" data-id=\"23b85abd\" data-element_type=\"section\" data-e-type=\"section\" data-settings=\"{&quot;background_background&quot;:&quot;classic&quot;}\">\n\t\t\t\t\t\t<div class=\"elementor-container elementor-column-gap-no\">\n\t\t\t\t\t<div class=\"elementor-column elementor-col-100 elementor-inner-column elementor-element elementor-element-3251c97e\" data-id=\"3251c97e\" data-element_type=\"column\" data-e-type=\"column\">\n\t\t\t<div class=\"elementor-widget-wrap elementor-element-populated\">\n\t\t\t\t\t\t<div class=\"elementor-element elementor-element-245fbb35 elementor-invisible elementor-widget elementor-widget-heading\" data-id=\"245fbb35\" data-element_type=\"widget\" data-e-type=\"widget\" data-settings=\"{&quot;_animation&quot;:&quot;fadeInUp&quot;,&quot;_animation_delay&quot;:200}\" data-widget_type=\"heading.default\">\n\t\t\t\t<div class=\"elementor-widget-container\">\n\t\t\t\t\t<h1 class=\"elementor-heading-title elementor-size-default\">L\u2019analyse de parcours de vie<\/h1>\t\t\t\t<\/div>\n\t\t\t\t<\/div>\n\t\t\t\t<div class=\"elementor-element elementor-element-36c2f9ca elementor-widget elementor-widget-text-editor\" data-id=\"36c2f9ca\" data-element_type=\"widget\" data-e-type=\"widget\" data-widget_type=\"text-editor.default\">\n\t\t\t\t<div class=\"elementor-widget-container\">\n\t\t\t\t\t\t\t\t\t<p><strong>PAS DE PR\u00c9DICTION ! LA PR\u00c9DICTION N\u2019EXISTE PAS!<\/strong><br \/>Votre vie est entre VOS mains! Vous cr\u00e9ez ce que vous voulez. Par cons\u00e9quance, il est bon de savoir ce que vous voulez.<\/p><p>La carte de tarot est beaucoup plus que vous ne le pensez. La carte de tarot ne pr\u00e9dit pas. Le tarot est un excellent outil pour vous aider \u00e1 connaitre vous-m\u00e9me, il vous aidera \u00e0 comprendre plus facilement ce qui se passe dans votre vie et vous pouvez \u00e9galement faire le changement n\u00e9c\u00e9ssaire.<br \/>La consultation qui dure 1 heure vous donne l\u2019occasion de prendre le recule et examiner votre\nsituation et d\u2019y faire face efficacement. Vous pouvez obtenir des r\u00e9ponses aux questions que vous vous posez. L\u2019analyse du parcours de vie peut \u00eatre demand\u00e9e en ligne.<\/p>\t\t\t\t\t\t\t\t<\/div>\n\t\t\t\t<\/div>\n\t\t\t\t<div class=\"elementor-element elementor-element-7477a594 elementor-align-left elementor-mobile-align-center elementor-widget elementor-widget-button\" data-id=\"7477a594\" data-element_type=\"widget\" data-e-type=\"widget\" data-widget_type=\"button.default\">\n\t\t\t\t<div class=\"elementor-widget-container\">\n\t\t\t\t\t\t\t\t\t<div class=\"elementor-button-wrapper\">\n\t\t\t\t\t<a class=\"elementor-button elementor-button-link elementor-size-sm elementor-animation-pulse\" href=\"http:\/\/erdosedina.hu\/fr\/shop\/\">\n\t\t\t\t\t\t<span class=\"elementor-button-content-wrapper\">\n\t\t\t\t\t\t\t\t\t<span class=\"elementor-button-text\">Konzult\u00e1ci\u00f3k &gt;<\/span>\n\t\t\t\t\t<\/span>\n\t\t\t\t\t<\/a>\n\t\t\t\t<\/div>\n\t\t\t\t\t\t\t\t<\/div>\n\t\t\t\t<\/div>\n\t\t\t\t\t<\/div>\n\t\t<\/div>\n\t\t\t\t\t<\/div>\n\t\t<\/section>\n\t\t\t\t\t<\/div>\n\t\t<\/div>\n\t\t\t\t\t<\/div>\n\t\t<\/section>\n\t\t\t\t<\/div>","protected":false},"excerpt":{"rendered":"<p>\u00c9let\u00fat elemz\u00e9s J\u00d3SL\u00c1S NINCS! J\u00d3SL\u00c1S NEM L\u00c9TEZIK! Az \u00e9leted a TE kezedben van! Azt hozol l\u00e9tre, amit akarsz. Ez\u00e9rt j\u00f3 tudni, mit akarsz. A tarot k\u00e1rtya sokkal t\u00f6bb, mint gondoln\u00e1d. A tarot k\u00e1rtya nem j\u00f3sol. A tarot egy kiv\u00e1l\u00f3 \u00f6nismereti eszk\u00f6z, seg\u00edts\u00e9g\u00e9vel k\u00f6nnyebben meg\u00e9rtheted, mi mi\u00e9rt t\u00f6rt\u00e9nik az \u00e9leteben, \u00e9s v\u00e1ltoztatni is tudsz. Az 1 [&hellip;]<\/p>","protected":false},"author":1,"featured_media":4623,"parent":0,"menu_order":0,"comment_status":"closed","ping_status":"closed","template":"","meta":{"site-sidebar-layout":"no-sidebar","site-content-layout":"page-builder","ast-site-content-layout":"default","site-content-style":"default","site-sidebar-style":"default","ast-global-header-display":"","ast-banner-title-visibility":"","ast-main-header-display":"","ast-hfb-above-header-display":"","ast-hfb-below-header-display":"","ast-hfb-mobile-header-display":"","site-post-title":"disabled","ast-breadcrumbs-content":"","ast-featured-img":"disabled","footer-sml-layout":"","theme-transparent-header-meta":"","adv-header-id-meta":"","stick-header-meta":"","header-above-stick-meta":"","header-main-stick-meta":"","header-below-stick-meta":"","astra-migrate-meta-layouts":"default","ast-page-background-enabled":"default","ast-page-background-meta":{"desktop":{"background-color":"var(--ast-global-color-4)","background-image":"","background-repeat":"repeat","background-position":"center center","background-size":"auto","background-attachment":"scroll","background-type":"","background-media":"","overlay-type":"","overlay-color":"","overlay-opacity":"","overlay-gradient":""},"tablet":{"background-color":"","background-image":"","background-repeat":"repeat","background-position":"center center","background-size":"auto","background-attachment":"scroll","background-type":"","background-media":"","overlay-type":"","overlay-color":"","overlay-opacity":"","overlay-gradient":""},"mobile":{"background-color":"","background-image":"","background-repeat":"repeat","background-position":"center center","background-size":"auto","background-attachment":"scroll","background-type":"","background-media":"","overlay-type":"","overlay-color":"","overlay-opacity":"","overlay-gradient":""}},"ast-content-background-meta":{"desktop":{"background-color":"var(--ast-global-color-5)","background-image":"","background-repeat":"repeat","background-position":"center center","background-size":"auto","background-attachment":"scroll","background-type":"","background-media":"","overlay-type":"","overlay-color":"","overlay-opacity":"","overlay-gradient":""},"tablet":{"background-color":"var(--ast-global-color-5)","background-image":"","background-repeat":"repeat","background-position":"center center","background-size":"auto","background-attachment":"scroll","background-type":"","background-media":"","overlay-type":"","overlay-color":"","overlay-opacity":"","overlay-gradient":""},"mobile":{"background-color":"var(--ast-global-color-5)","background-image":"","background-repeat":"repeat","background-position":"center center","background-size":"auto","background-attachment":"scroll","background-type":"","background-media":"","overlay-type":"","overlay-color":"","overlay-opacity":"","overlay-gradient":""}},"footnotes":""},"class_list":["post-4567","page","type-page","status-publish","has-post-thumbnail","hentry"],"_links":{"self":[{"href":"https:\/\/erdosedina.hu\/fr\/wp-json\/wp\/v2\/pages\/4567","targetHints":{"allow":["GET"]}}],"collection":[{"href":"https:\/\/erdosedina.hu\/fr\/wp-json\/wp\/v2\/pages"}],"about":[{"href":"https:\/\/erdosedina.hu\/fr\/wp-json\/wp\/v2\/types\/page"}],"author":[{"embeddable":true,"href":"https:\/\/erdosedina.hu\/fr\/wp-json\/wp\/v2\/users\/1"}],"replies":[{"embeddable":true,"href":"https:\/\/erdosedina.hu\/fr\/wp-json\/wp\/v2\/comments?post=4567"}],"version-history":[{"count":0,"href":"https:\/\/erdosedina.hu\/fr\/wp-json\/wp\/v2\/pages\/4567\/revisions"}],"wp:featuredmedia":[{"embeddable":true,"href":"https:\/\/erdosedina.hu\/fr\/wp-json\/wp\/v2\/media\/4623"}],"wp:attachment":[{"href":"https:\/\/erdosedina.hu\/fr\/wp-json\/wp\/v2\/media?parent=4567"}],"curies":[{"name":"wp","href":"https:\/\/api.w.org\/{rel}","templated":true}]}}