{"id":3499,"date":"2021-06-13T03:40:55","date_gmt":"2021-06-13T03:40:55","guid":{"rendered":"http:\/\/erdosedina.hu\/?page_id=3499"},"modified":"2025-02-18T21:37:00","modified_gmt":"2025-02-18T21:37:00","slug":"blog","status":"publish","type":"page","link":"https:\/\/erdosedina.hu\/fr\/blog\/","title":{"rendered":"Blog"},"content":{"rendered":"<div data-elementor-type=\"wp-page\" data-elementor-id=\"3499\" class=\"elementor elementor-3499\" data-elementor-post-type=\"page\">\n\t\t\t\t<div class=\"elementor-element elementor-element-7c5a9d3 e-flex e-con-boxed e-con e-parent\" data-id=\"7c5a9d3\" data-element_type=\"container\" data-e-type=\"container\" data-settings=\"{&quot;background_background&quot;:&quot;classic&quot;}\">\n\t\t\t\t\t<div class=\"e-con-inner\">\n\t\t<div class=\"elementor-element elementor-element-292a9ba e-con-full e-flex e-con e-child\" data-id=\"292a9ba\" data-element_type=\"container\" data-e-type=\"container\">\n\t\t\t\t<div class=\"elementor-element elementor-element-3b16b2d elementor-grid-3 elementor-grid-tablet-2 elementor-grid-mobile-1 elementor-posts--thumbnail-top elementor-card-shadow-yes elementor-posts__hover-gradient elementor-widget elementor-widget-posts\" data-id=\"3b16b2d\" data-element_type=\"widget\" data-e-type=\"widget\" data-settings=\"{&quot;pagination_type&quot;:&quot;prev_next&quot;,&quot;cards_columns&quot;:&quot;3&quot;,&quot;cards_columns_tablet&quot;:&quot;2&quot;,&quot;cards_columns_mobile&quot;:&quot;1&quot;,&quot;cards_row_gap&quot;:{&quot;unit&quot;:&quot;px&quot;,&quot;size&quot;:35,&quot;sizes&quot;:[]},&quot;cards_row_gap_tablet&quot;:{&quot;unit&quot;:&quot;px&quot;,&quot;size&quot;:&quot;&quot;,&quot;sizes&quot;:[]},&quot;cards_row_gap_mobile&quot;:{&quot;unit&quot;:&quot;px&quot;,&quot;size&quot;:&quot;&quot;,&quot;sizes&quot;:[]}}\" data-widget_type=\"posts.cards\">\n\t\t\t\t<div class=\"elementor-widget-container\">\n\t\t\t\t\t\t\t<div class=\"elementor-posts-container elementor-posts elementor-posts--skin-cards elementor-grid\" role=\"list\">\n\t\t\t\t<article class=\"elementor-post elementor-grid-item post-4956 post type-post status-publish format-standard has-post-thumbnail hentry category-kineziologia\" role=\"listitem\">\n\t\t\t<div class=\"elementor-post__card\">\n\t\t\t\t<a class=\"elementor-post__thumbnail__link\" href=\"https:\/\/erdosedina.hu\/fr\/iskolai-bantalmazas-blog\/\" tabindex=\"-1\" ><div class=\"elementor-post__thumbnail\"><img fetchpriority=\"high\" decoding=\"async\" width=\"670\" height=\"667\" src=\"https:\/\/erdosedina.hu\/wp-content\/uploads\/2023\/08\/iskolai_bantalmazas.jpg\" class=\"attachment-large size-large wp-image-4944\" alt=\"\" srcset=\"https:\/\/erdosedina.hu\/wp-content\/uploads\/2023\/08\/iskolai_bantalmazas.jpg 670w, https:\/\/erdosedina.hu\/wp-content\/uploads\/2023\/08\/iskolai_bantalmazas-300x300.jpg 300w, https:\/\/erdosedina.hu\/wp-content\/uploads\/2023\/08\/iskolai_bantalmazas-150x150.jpg 150w, https:\/\/erdosedina.hu\/wp-content\/uploads\/2023\/08\/iskolai_bantalmazas-12x12.jpg 12w, https:\/\/erdosedina.hu\/wp-content\/uploads\/2023\/08\/iskolai_bantalmazas-600x597.jpg 600w, https:\/\/erdosedina.hu\/wp-content\/uploads\/2023\/08\/iskolai_bantalmazas-100x100.jpg 100w\" sizes=\"(max-width: 670px) 100vw, 670px\" \/><\/div><\/a>\n\t\t\t\t<div class=\"elementor-post__badge\">kineziol\u00f3gia<\/div>\n\t\t\t\t<div class=\"elementor-post__text\">\n\t\t\t\t<h3 class=\"elementor-post__title\">\n\t\t\t<a href=\"https:\/\/erdosedina.hu\/fr\/iskolai-bantalmazas-blog\/\" >\n\t\t\t\tIskolai b\u00e1ntalmaz\u00e1s\t\t\t<\/a>\n\t\t<\/h3>\n\t\t\t\t\t<div class=\"elementor-post__read-more-wrapper\">\n\t\t\n\t\t<a class=\"elementor-post__read-more\" href=\"https:\/\/erdosedina.hu\/fr\/iskolai-bantalmazas-blog\/\" aria-label=\"Read more about Iskolai b\u00e1ntalmaz\u00e1s\" tabindex=\"-1\" >\n\t\t\tElolvasom &gt;\t\t<\/a>\n\n\t\t\t\t\t<\/div>\n\t\t\t\t<\/div>\n\t\t\t\t<div class=\"elementor-post__meta-data\">\n\t\t\t\t\t<span class=\"elementor-post-author\">\n\t\t\tErd\u0151s Edina\t\t<\/span>\n\t\t\t\t<\/div>\n\t\t\t\t\t<\/div>\n\t\t<\/article>\n\t\t\t\t<article class=\"elementor-post elementor-grid-item post-4895 post type-post status-publish format-standard has-post-thumbnail hentry category-kineziologia\" role=\"listitem\">\n\t\t\t<div class=\"elementor-post__card\">\n\t\t\t\t<a class=\"elementor-post__thumbnail__link\" href=\"https:\/\/erdosedina.hu\/fr\/eldobott-eletek\/\" tabindex=\"-1\" ><div class=\"elementor-post__thumbnail\"><img decoding=\"async\" width=\"1000\" height=\"1000\" src=\"https:\/\/erdosedina.hu\/wp-content\/uploads\/2023\/02\/ongyulkossag.jpg\" class=\"attachment-large size-large wp-image-4899\" alt=\"\" srcset=\"https:\/\/erdosedina.hu\/wp-content\/uploads\/2023\/02\/ongyulkossag.jpg 1000w, https:\/\/erdosedina.hu\/wp-content\/uploads\/2023\/02\/ongyulkossag-300x300.jpg 300w, https:\/\/erdosedina.hu\/wp-content\/uploads\/2023\/02\/ongyulkossag-150x150.jpg 150w, https:\/\/erdosedina.hu\/wp-content\/uploads\/2023\/02\/ongyulkossag-768x768.jpg 768w, https:\/\/erdosedina.hu\/wp-content\/uploads\/2023\/02\/ongyulkossag-12x12.jpg 12w, https:\/\/erdosedina.hu\/wp-content\/uploads\/2023\/02\/ongyulkossag-600x600.jpg 600w, https:\/\/erdosedina.hu\/wp-content\/uploads\/2023\/02\/ongyulkossag-100x100.jpg 100w\" sizes=\"(max-width: 1000px) 100vw, 1000px\" \/><\/div><\/a>\n\t\t\t\t<div class=\"elementor-post__badge\">kineziol\u00f3gia<\/div>\n\t\t\t\t<div class=\"elementor-post__text\">\n\t\t\t\t<h3 class=\"elementor-post__title\">\n\t\t\t<a href=\"https:\/\/erdosedina.hu\/fr\/eldobott-eletek\/\" >\n\t\t\t\tEldobott \u00e9letek\t\t\t<\/a>\n\t\t<\/h3>\n\t\t\t\t\t<div class=\"elementor-post__read-more-wrapper\">\n\t\t\n\t\t<a class=\"elementor-post__read-more\" href=\"https:\/\/erdosedina.hu\/fr\/eldobott-eletek\/\" aria-label=\"Read more about Eldobott \u00e9letek\" tabindex=\"-1\" >\n\t\t\tElolvasom &gt;\t\t<\/a>\n\n\t\t\t\t\t<\/div>\n\t\t\t\t<\/div>\n\t\t\t\t<div class=\"elementor-post__meta-data\">\n\t\t\t\t\t<span class=\"elementor-post-author\">\n\t\t\tErd\u0151s Edina\t\t<\/span>\n\t\t\t\t<\/div>\n\t\t\t\t\t<\/div>\n\t\t<\/article>\n\t\t\t\t<article class=\"elementor-post elementor-grid-item post-4885 post type-post status-publish format-standard has-post-thumbnail hentry category-kineziologia\" role=\"listitem\">\n\t\t\t<div class=\"elementor-post__card\">\n\t\t\t\t<a class=\"elementor-post__thumbnail__link\" href=\"https:\/\/erdosedina.hu\/fr\/az-eloiteletekrol\/\" tabindex=\"-1\" ><div class=\"elementor-post__thumbnail\"><img decoding=\"async\" width=\"1000\" height=\"1000\" src=\"https:\/\/erdosedina.hu\/wp-content\/uploads\/2023\/02\/eloiteletekrol.jpg\" class=\"attachment-large size-large wp-image-4887\" alt=\"\" srcset=\"https:\/\/erdosedina.hu\/wp-content\/uploads\/2023\/02\/eloiteletekrol.jpg 1000w, https:\/\/erdosedina.hu\/wp-content\/uploads\/2023\/02\/eloiteletekrol-300x300.jpg 300w, https:\/\/erdosedina.hu\/wp-content\/uploads\/2023\/02\/eloiteletekrol-150x150.jpg 150w, https:\/\/erdosedina.hu\/wp-content\/uploads\/2023\/02\/eloiteletekrol-768x768.jpg 768w, https:\/\/erdosedina.hu\/wp-content\/uploads\/2023\/02\/eloiteletekrol-12x12.jpg 12w, https:\/\/erdosedina.hu\/wp-content\/uploads\/2023\/02\/eloiteletekrol-600x600.jpg 600w, https:\/\/erdosedina.hu\/wp-content\/uploads\/2023\/02\/eloiteletekrol-100x100.jpg 100w\" sizes=\"(max-width: 1000px) 100vw, 1000px\" \/><\/div><\/a>\n\t\t\t\t<div class=\"elementor-post__badge\">kineziol\u00f3gia<\/div>\n\t\t\t\t<div class=\"elementor-post__text\">\n\t\t\t\t<h3 class=\"elementor-post__title\">\n\t\t\t<a href=\"https:\/\/erdosedina.hu\/fr\/az-eloiteletekrol\/\" >\n\t\t\t\tAz el\u0151\u00edt\u00e9letekr\u0151l &#8211; R\u00e1di\u00f3riport\t\t\t<\/a>\n\t\t<\/h3>\n\t\t\t\t\t<div class=\"elementor-post__read-more-wrapper\">\n\t\t\n\t\t<a class=\"elementor-post__read-more\" href=\"https:\/\/erdosedina.hu\/fr\/az-eloiteletekrol\/\" aria-label=\"Read more about Az el\u0151\u00edt\u00e9letekr\u0151l &#8211; R\u00e1di\u00f3riport\" tabindex=\"-1\" >\n\t\t\tElolvasom &gt;\t\t<\/a>\n\n\t\t\t\t\t<\/div>\n\t\t\t\t<\/div>\n\t\t\t\t<div class=\"elementor-post__meta-data\">\n\t\t\t\t\t<span class=\"elementor-post-author\">\n\t\t\tErd\u0151s Edina\t\t<\/span>\n\t\t\t\t<\/div>\n\t\t\t\t\t<\/div>\n\t\t<\/article>\n\t\t\t\t<article class=\"elementor-post elementor-grid-item post-4872 post type-post status-publish format-standard has-post-thumbnail hentry category-kineziologia\" role=\"listitem\">\n\t\t\t<div class=\"elementor-post__card\">\n\t\t\t\t<a class=\"elementor-post__thumbnail__link\" href=\"https:\/\/erdosedina.hu\/fr\/online-adventi-naptar-napi-uzenet-a-csoki-melle-2\/\" tabindex=\"-1\" ><div class=\"elementor-post__thumbnail\"><img loading=\"lazy\" decoding=\"async\" width=\"1024\" height=\"1024\" src=\"https:\/\/erdosedina.hu\/wp-content\/uploads\/2022\/11\/kalendarium_blogcikk-1-1024x1024.jpg\" class=\"attachment-large size-large wp-image-4877\" alt=\"\" srcset=\"https:\/\/erdosedina.hu\/wp-content\/uploads\/2022\/11\/kalendarium_blogcikk-1-1024x1024.jpg 1024w, https:\/\/erdosedina.hu\/wp-content\/uploads\/2022\/11\/kalendarium_blogcikk-1-300x300.jpg 300w, https:\/\/erdosedina.hu\/wp-content\/uploads\/2022\/11\/kalendarium_blogcikk-1-150x150.jpg 150w, https:\/\/erdosedina.hu\/wp-content\/uploads\/2022\/11\/kalendarium_blogcikk-1-768x768.jpg 768w, https:\/\/erdosedina.hu\/wp-content\/uploads\/2022\/11\/kalendarium_blogcikk-1-1536x1536.jpg 1536w, https:\/\/erdosedina.hu\/wp-content\/uploads\/2022\/11\/kalendarium_blogcikk-1-2048x2048.jpg 2048w, https:\/\/erdosedina.hu\/wp-content\/uploads\/2022\/11\/kalendarium_blogcikk-1-12x12.jpg 12w, https:\/\/erdosedina.hu\/wp-content\/uploads\/2022\/11\/kalendarium_blogcikk-1-600x600.jpg 600w, https:\/\/erdosedina.hu\/wp-content\/uploads\/2022\/11\/kalendarium_blogcikk-1-100x100.jpg 100w\" sizes=\"(max-width: 1024px) 100vw, 1024px\" \/><\/div><\/a>\n\t\t\t\t<div class=\"elementor-post__badge\">kineziol\u00f3gia<\/div>\n\t\t\t\t<div class=\"elementor-post__text\">\n\t\t\t\t<h3 class=\"elementor-post__title\">\n\t\t\t<a href=\"https:\/\/erdosedina.hu\/fr\/online-adventi-naptar-napi-uzenet-a-csoki-melle-2\/\" >\n\t\t\t\tOnline adventi napt\u00e1r &#8211; napi \u00fczenet a csoki mell\u00e9\t\t\t<\/a>\n\t\t<\/h3>\n\t\t\t\t\t<div class=\"elementor-post__read-more-wrapper\">\n\t\t\n\t\t<a class=\"elementor-post__read-more\" href=\"https:\/\/erdosedina.hu\/fr\/online-adventi-naptar-napi-uzenet-a-csoki-melle-2\/\" aria-label=\"Read more about Online adventi napt\u00e1r &#8211; napi \u00fczenet a csoki mell\u00e9\" tabindex=\"-1\" >\n\t\t\tElolvasom &gt;\t\t<\/a>\n\n\t\t\t\t\t<\/div>\n\t\t\t\t<\/div>\n\t\t\t\t<div class=\"elementor-post__meta-data\">\n\t\t\t\t\t<span class=\"elementor-post-author\">\n\t\t\tErd\u0151s Edina\t\t<\/span>\n\t\t\t\t<\/div>\n\t\t\t\t\t<\/div>\n\t\t<\/article>\n\t\t\t\t<article class=\"elementor-post elementor-grid-item post-4278 post type-post status-publish format-standard has-post-thumbnail hentry category-kineziologia\" role=\"listitem\">\n\t\t\t<div class=\"elementor-post__card\">\n\t\t\t\t<a class=\"elementor-post__thumbnail__link\" href=\"https:\/\/erdosedina.hu\/fr\/letezik-a-tokeletes-no-vagy-csupan-legenda\/\" tabindex=\"-1\" ><div class=\"elementor-post__thumbnail\"><img loading=\"lazy\" decoding=\"async\" width=\"600\" height=\"600\" src=\"https:\/\/erdosedina.hu\/wp-content\/uploads\/2022\/09\/letezik_tokeletes_no_vagy_csupan_legenda.jpg\" class=\"attachment-large size-large wp-image-4279\" alt=\"\" srcset=\"https:\/\/erdosedina.hu\/wp-content\/uploads\/2022\/09\/letezik_tokeletes_no_vagy_csupan_legenda.jpg 600w, https:\/\/erdosedina.hu\/wp-content\/uploads\/2022\/09\/letezik_tokeletes_no_vagy_csupan_legenda-300x300.jpg 300w, https:\/\/erdosedina.hu\/wp-content\/uploads\/2022\/09\/letezik_tokeletes_no_vagy_csupan_legenda-150x150.jpg 150w, https:\/\/erdosedina.hu\/wp-content\/uploads\/2022\/09\/letezik_tokeletes_no_vagy_csupan_legenda-100x100.jpg 100w\" sizes=\"(max-width: 600px) 100vw, 600px\" \/><\/div><\/a>\n\t\t\t\t<div class=\"elementor-post__badge\">kineziol\u00f3gia<\/div>\n\t\t\t\t<div class=\"elementor-post__text\">\n\t\t\t\t<h3 class=\"elementor-post__title\">\n\t\t\t<a href=\"https:\/\/erdosedina.hu\/fr\/letezik-a-tokeletes-no-vagy-csupan-legenda\/\" >\n\t\t\t\tL\u00e9tezik a t\u00f6k\u00e9letes N\u0150, vagy csup\u00e1n legenda?\t\t\t<\/a>\n\t\t<\/h3>\n\t\t\t\t\t<div class=\"elementor-post__read-more-wrapper\">\n\t\t\n\t\t<a class=\"elementor-post__read-more\" href=\"https:\/\/erdosedina.hu\/fr\/letezik-a-tokeletes-no-vagy-csupan-legenda\/\" aria-label=\"Read more about L\u00e9tezik a t\u00f6k\u00e9letes N\u0150, vagy csup\u00e1n legenda?\" tabindex=\"-1\" >\n\t\t\tElolvasom &gt;\t\t<\/a>\n\n\t\t\t\t\t<\/div>\n\t\t\t\t<\/div>\n\t\t\t\t<div class=\"elementor-post__meta-data\">\n\t\t\t\t\t<span class=\"elementor-post-author\">\n\t\t\tErd\u0151s Edina\t\t<\/span>\n\t\t\t\t<\/div>\n\t\t\t\t\t<\/div>\n\t\t<\/article>\n\t\t\t\t<article class=\"elementor-post elementor-grid-item post-4266 post type-post status-publish format-standard has-post-thumbnail hentry category-kineziologia\" role=\"listitem\">\n\t\t\t<div class=\"elementor-post__card\">\n\t\t\t\t<a class=\"elementor-post__thumbnail__link\" href=\"https:\/\/erdosedina.hu\/fr\/a-hagyma-es-a-heja\/\" tabindex=\"-1\" ><div class=\"elementor-post__thumbnail\"><img loading=\"lazy\" decoding=\"async\" width=\"600\" height=\"468\" src=\"https:\/\/erdosedina.hu\/wp-content\/uploads\/2022\/09\/a_hagyma_es_a_heja.jpg\" class=\"attachment-large size-large wp-image-4267\" alt=\"\" srcset=\"https:\/\/erdosedina.hu\/wp-content\/uploads\/2022\/09\/a_hagyma_es_a_heja.jpg 600w, https:\/\/erdosedina.hu\/wp-content\/uploads\/2022\/09\/a_hagyma_es_a_heja-300x234.jpg 300w\" sizes=\"(max-width: 600px) 100vw, 600px\" \/><\/div><\/a>\n\t\t\t\t<div class=\"elementor-post__badge\">kineziol\u00f3gia<\/div>\n\t\t\t\t<div class=\"elementor-post__text\">\n\t\t\t\t<h3 class=\"elementor-post__title\">\n\t\t\t<a href=\"https:\/\/erdosedina.hu\/fr\/a-hagyma-es-a-heja\/\" >\n\t\t\t\tA hagyma \u00e9s a h\u00e9ja\t\t\t<\/a>\n\t\t<\/h3>\n\t\t\t\t\t<div class=\"elementor-post__read-more-wrapper\">\n\t\t\n\t\t<a class=\"elementor-post__read-more\" href=\"https:\/\/erdosedina.hu\/fr\/a-hagyma-es-a-heja\/\" aria-label=\"Read more about A hagyma \u00e9s a h\u00e9ja\" tabindex=\"-1\" >\n\t\t\tElolvasom &gt;\t\t<\/a>\n\n\t\t\t\t\t<\/div>\n\t\t\t\t<\/div>\n\t\t\t\t<div class=\"elementor-post__meta-data\">\n\t\t\t\t\t<span class=\"elementor-post-author\">\n\t\t\tErd\u0151s Edina\t\t<\/span>\n\t\t\t\t<\/div>\n\t\t\t\t\t<\/div>\n\t\t<\/article>\n\t\t\t\t<\/div>\n\t\t\n\t\t\t\t<div class=\"e-load-more-anchor\" data-page=\"1\" data-max-page=\"2\" data-next-page=\"https:\/\/erdosedina.hu\/fr\/wp-json\/wp\/v2\/pages\/3499\/page\/2\/\"><\/div>\n\t\t\t\t<nav class=\"elementor-pagination\" aria-label=\"Pagination\">\n\t\t\t<span class=\"page-numbers prev\">&laquo;El\u0151z\u0151<\/span>\n<a class=\"page-numbers next\" href=\"https:\/\/erdosedina.hu\/fr\/wp-json\/wp\/v2\/pages\/3499\/page\/2\/\">K\u00f6vetkez\u0151 &raquo;<\/a>\t\t<\/nav>\n\t\t\t\t\t\t<\/div>\n\t\t\t\t<\/div>\n\t\t\t\t<\/div>\n\t\t\t\t\t<\/div>\n\t\t\t\t<\/div>\n\t\t\t\t<\/div>","protected":false},"excerpt":{"rendered":"","protected":false},"author":1,"featured_media":4608,"parent":0,"menu_order":0,"comment_status":"closed","ping_status":"closed","template":"elementor_header_footer","meta":{"site-sidebar-layout":"no-sidebar","site-content-layout":"page-builder","ast-site-content-layout":"default","site-content-style":"default","site-sidebar-style":"default","ast-global-header-display":"","ast-banner-title-visibility":"","ast-main-header-display":"","ast-hfb-above-header-display":"","ast-hfb-below-header-display":"","ast-hfb-mobile-header-display":"","site-post-title":"disabled","ast-breadcrumbs-content":"","ast-featured-img":"disabled","footer-sml-layout":"","theme-transparent-header-meta":"","adv-header-id-meta":"","stick-header-meta":"","header-above-stick-meta":"","header-main-stick-meta":"","header-below-stick-meta":"","astra-migrate-meta-layouts":"default","ast-page-background-enabled":"default","ast-page-background-meta":{"desktop":{"background-color":"var(--ast-global-color-4)","background-image":"","background-repeat":"repeat","background-position":"center center","background-size":"auto","background-attachment":"scroll","background-type":"","background-media":"","overlay-type":"","overlay-color":"","overlay-opacity":"","overlay-gradient":""},"tablet":{"background-color":"","background-image":"","background-repeat":"repeat","background-position":"center center","background-size":"auto","background-attachment":"scroll","background-type":"","background-media":"","overlay-type":"","overlay-color":"","overlay-opacity":"","overlay-gradient":""},"mobile":{"background-color":"","background-image":"","background-repeat":"repeat","background-position":"center center","background-size":"auto","background-attachment":"scroll","background-type":"","background-media":"","overlay-type":"","overlay-color":"","overlay-opacity":"","overlay-gradient":""}},"ast-content-background-meta":{"desktop":{"background-color":"var(--ast-global-color-5)","background-image":"","background-repeat":"repeat","background-position":"center center","background-size":"auto","background-attachment":"scroll","background-type":"","background-media":"","overlay-type":"","overlay-color":"","overlay-opacity":"","overlay-gradient":""},"tablet":{"background-color":"var(--ast-global-color-5)","background-image":"","background-repeat":"repeat","background-position":"center center","background-size":"auto","background-attachment":"scroll","background-type":"","background-media":"","overlay-type":"","overlay-color":"","overlay-opacity":"","overlay-gradient":""},"mobile":{"background-color":"var(--ast-global-color-5)","background-image":"","background-repeat":"repeat","background-position":"center center","background-size":"auto","background-attachment":"scroll","background-type":"","background-media":"","overlay-type":"","overlay-color":"","overlay-opacity":"","overlay-gradient":""}},"footnotes":""},"class_list":["post-3499","page","type-page","status-publish","has-post-thumbnail","hentry"],"_links":{"self":[{"href":"https:\/\/erdosedina.hu\/fr\/wp-json\/wp\/v2\/pages\/3499","targetHints":{"allow":["GET"]}}],"collection":[{"href":"https:\/\/erdosedina.hu\/fr\/wp-json\/wp\/v2\/pages"}],"about":[{"href":"https:\/\/erdosedina.hu\/fr\/wp-json\/wp\/v2\/types\/page"}],"author":[{"embeddable":true,"href":"https:\/\/erdosedina.hu\/fr\/wp-json\/wp\/v2\/users\/1"}],"replies":[{"embeddable":true,"href":"https:\/\/erdosedina.hu\/fr\/wp-json\/wp\/v2\/comments?post=3499"}],"version-history":[{"count":0,"href":"https:\/\/erdosedina.hu\/fr\/wp-json\/wp\/v2\/pages\/3499\/revisions"}],"wp:featuredmedia":[{"embeddable":true,"href":"https:\/\/erdosedina.hu\/fr\/wp-json\/wp\/v2\/media\/4608"}],"wp:attachment":[{"href":"https:\/\/erdosedina.hu\/fr\/wp-json\/wp\/v2\/media?parent=3499"}],"curies":[{"name":"wp","href":"https:\/\/api.w.org\/{rel}","templated":true}]}}